{"id":59,"date":"2021-04-21T12:55:42","date_gmt":"2021-04-21T12:55:42","guid":{"rendered":"http:\/\/localhost:8888\/frac\/?page_id=59"},"modified":"2026-03-16T14:33:05","modified_gmt":"2026-03-16T13:33:05","slug":"","status":"publish","type":"page","link":"https:\/\/www.fraclorraine.org\/en\/collection-et-ressources\/centre-de-documentation\/","title":{"rendered":"Documentation Centre","raw":"Documentation Centre"},"content":{"rendered":"\n<p>The Frac has a 110m2 consultation and research center. During opening hours, it is accessible upon appointment to all. Currently comprised of over 6,000 items on contemporary art, it is regularly expanded and updated. This resource centre allows to extend our exhibitions\u2019 scope, to broaden horizons as well as to exchange and transmit various forms of knowledge.<\/p>\n\n\n\n<p>In a spirit of genuine critical reflection, our Documentary Fund is multidisciplinary and multilingual. Its orientation reflects the concerns that guide the Frac Lorraine\u2019s collection \u2014 &nbsp;such as the invisible, feminism, time and the body.<\/p>\n\n\n\n<h2 class=\"wp-block-heading\"><strong>The Documentation Centre is closed during the ongoing works on the collections. <br>More information to come.<\/strong><\/h2>\n","protected":false,"raw":"<!-- wp:paragraph -->\n<p>The Frac has a 110m2 consultation and research center. During opening hours, it is accessible upon appointment to all. Currently comprised of over 6,000 items on contemporary art, it is regularly expanded and updated. This resource centre allows to extend our exhibitions\u2019 scope, to broaden horizons as well as to exchange and transmit various forms of knowledge.<\/p>\n<!-- \/wp:paragraph -->\n\n<!-- wp:paragraph -->\n<p>In a spirit of genuine critical reflection, our Documentary Fund is multidisciplinary and multilingual. Its orientation reflects the concerns that guide the Frac Lorraine\u2019s collection \u2014 &nbsp;such as the invisible, feminism, time and the body.<\/p>\n<!-- \/wp:paragraph -->\n\n<!-- wp:heading -->\n<h2><strong>The Documentation Centre is closed during the ongoing works on the collections. <br>More information to come.<\/strong><\/h2>\n<!-- \/wp:heading -->"},"excerpt":{"rendered":"","protected":false,"raw":""},"author":2,"featured_media":0,"parent":35,"menu_order":6,"comment_status":"closed","ping_status":"closed","template":"template-centre-documentation.php","meta":{"inline_featured_image":false,"_fr_post_content":"<!-- wp:paragraph -->\n<p>Le Frac Lorraine dispose d\u2019un centre de consultation et de recherche. Accessible \u00e0 toustes, le centre de documentation est un p\u00f4le de ressources qui regroupe pr\u00e8s de 6000 r\u00e9f\u00e9rences, r\u00e9guli\u00e8rement enrichies, sur l\u2019art contemporain. Il permet de prolonger les expositions, d\u2019ouvrir des horizons ainsi que d\u2019\u00e9changer et transmettre savoirs et connaissances.<\/p>\n<!-- \/wp:paragraph -->\n\n<!-- wp:paragraph -->\n<p>Le fonds documentaire est pluridisciplinaire et plurilingue pour permettre une v\u00e9ritable r\u00e9flexion critique. Son orientation refl\u00e8te cependant les sujets pr\u00e9sents dans&nbsp; la collection du Frac Lorraine comme l\u2019invisible, le f\u00e9minisme, le temps ou encore le corps.<\/p>\n<!-- \/wp:paragraph -->\n\n<!-- wp:paragraph -->\n<p>Le centre de documentation est ouvert, en dehors des vacances scolaires :<\/p>\n<!-- \/wp:paragraph -->\n\n<!-- wp:list -->\n<ul class=\"wp-block-list\"><!-- wp:list-item -->\n<li>Mardi matin : uniquement sur r\u00e9servation \u00e0 : <a href=\"mailto:visite@fraclorraine.org\">visite@fraclorraine.org<\/a> ;<\/li>\n<!-- \/wp:list-item -->\n\n<!-- wp:list-item -->\n<li>Mercredi apr\u00e8s-midi : en consultation libre de 14h \u00e0 17h30.<\/li>\n<!-- \/wp:list-item --><\/ul>\n<!-- \/wp:list -->\n\n<!-- wp:spacer -->\n<div style=\"height:100px\" aria-hidden=\"true\" class=\"wp-block-spacer\"><\/div>\n<!-- \/wp:spacer -->\n\n<!-- wp:paragraph -->\n<p><em>Le centre de documentation sera exceptionnellement ferm\u00e9 les 25 et 31 mars.<\/em><\/p>\n<!-- \/wp:paragraph -->","_fr_post_name":"centre-de-documentation","_fr_post_excerpt":"","_fr_post_title":"Centre de documentation","_en_post_content":"<!-- wp:paragraph -->\n<p>The Frac has a 110m2 consultation and research center. During opening hours, it is accessible upon appointment to all. Currently comprised of over 6,000 items on contemporary art, it is regularly expanded and updated. This resource centre allows to extend our exhibitions\u2019 scope, to broaden horizons as well as to exchange and transmit various forms of knowledge.<\/p>\n<!-- \/wp:paragraph -->\n\n<!-- wp:paragraph -->\n<p>In a spirit of genuine critical reflection, our Documentary Fund is multidisciplinary and multilingual. Its orientation reflects the concerns that guide the Frac Lorraine\u2019s collection \u2014 &nbsp;such as the invisible, feminism, time and the body.<\/p>\n<!-- \/wp:paragraph -->\n\n<!-- wp:heading -->\n<h2><strong>The Documentation Centre is closed during the ongoing works on the collections. <br>More information to come.<\/strong><\/h2>\n<!-- \/wp:heading -->","_en_post_name":"","_en_post_excerpt":"","_en_post_title":"Documentation Centre","edit_language":"en","footnotes":""},"class_list":["post-59","page","type-page","status-publish","hentry"],"_links":{"self":[{"href":"https:\/\/www.fraclorraine.org\/en\/wp-json\/wp\/v2\/pages\/59","targetHints":{"allow":["GET"]}}],"collection":[{"href":"https:\/\/www.fraclorraine.org\/en\/wp-json\/wp\/v2\/pages"}],"about":[{"href":"https:\/\/www.fraclorraine.org\/en\/wp-json\/wp\/v2\/types\/page"}],"author":[{"embeddable":true,"href":"https:\/\/www.fraclorraine.org\/en\/wp-json\/wp\/v2\/users\/2"}],"replies":[{"embeddable":true,"href":"https:\/\/www.fraclorraine.org\/en\/wp-json\/wp\/v2\/comments?post=59"}],"version-history":[{"count":19,"href":"https:\/\/www.fraclorraine.org\/en\/wp-json\/wp\/v2\/pages\/59\/revisions"}],"predecessor-version":[{"id":9665,"href":"https:\/\/www.fraclorraine.org\/en\/wp-json\/wp\/v2\/pages\/59\/revisions\/9665"}],"up":[{"embeddable":true,"href":"https:\/\/www.fraclorraine.org\/en\/wp-json\/wp\/v2\/pages\/35"}],"wp:attachment":[{"href":"https:\/\/www.fraclorraine.org\/en\/wp-json\/wp\/v2\/media?parent=59"}],"curies":[{"name":"wp","href":"https:\/\/api.w.org\/{rel}","templated":true}]}}