{"id":7322,"date":"2023-01-31T08:27:23","date_gmt":"2023-01-31T08:27:23","guid":{"rendered":"https:\/\/www.fraclorraine.org\/nouveausite2021\/?page_id=7322"},"modified":"2025-06-04T14:43:23","modified_gmt":"2025-06-04T12:43:23","slug":"","status":"publish","type":"page","link":"https:\/\/www.fraclorraine.org\/en\/credits\/","title":{"rendered":"","raw":""},"content":{"rendered":"","protected":false,"raw":""},"excerpt":{"rendered":"","protected":false,"raw":""},"author":2,"featured_media":0,"parent":0,"menu_order":1,"comment_status":"closed","ping_status":"closed","template":"","meta":{"inline_featured_image":false,"_fr_post_content":"<!-- wp:list -->\n<ul class=\"wp-block-list\"><!-- wp:list-item -->\n<li>Propri\u00e9taire du site :\u00a049 Nord 6 Est \u2013 Frac Lorraine<\/li>\n<!-- \/wp:list-item -->\n\n<!-- wp:list-item -->\n<li>D\u00e9veloppement : <a href=\"http:\/\/maximeschoeni.com\" target=\"_blank\" rel=\"noreferrer noopener\">Maxime Schoeni<\/a><\/li>\n<!-- \/wp:list-item -->\n\n<!-- wp:list-item -->\n<li>Design : <a href=\"http:\/\/www.futurneue.cc\/\" target=\"_blank\" rel=\"noreferrer noopener\">Alex Dujet (Futur Neue)<\/a>, <a href=\"https:\/\/matteovenet.org\/\" target=\"_blank\" rel=\"noreferrer noopener\">Matteo Venet<\/a><\/li>\n<!-- \/wp:list-item -->\n\n<!-- wp:list-item -->\n<li>H\u00e9bergeur : Alwaysdata<\/li>\n<!-- \/wp:list-item -->\n\n<!-- wp:list-item -->\n<li>Images, multim\u00e9dia : tous droits r\u00e9serv\u00e9s<\/li>\n<!-- \/wp:list-item --><\/ul>\n<!-- \/wp:list -->","_fr_post_name":"credits","_fr_post_excerpt":"","_fr_post_title":"Mentions l\u00e9gales","_en_post_content":"","_en_post_name":"","_en_post_excerpt":"","_en_post_title":"","edit_language":"en","footnotes":""},"class_list":["post-7322","page","type-page","status-publish","hentry"],"_links":{"self":[{"href":"https:\/\/www.fraclorraine.org\/en\/wp-json\/wp\/v2\/pages\/7322","targetHints":{"allow":["GET"]}}],"collection":[{"href":"https:\/\/www.fraclorraine.org\/en\/wp-json\/wp\/v2\/pages"}],"about":[{"href":"https:\/\/www.fraclorraine.org\/en\/wp-json\/wp\/v2\/types\/page"}],"author":[{"embeddable":true,"href":"https:\/\/www.fraclorraine.org\/en\/wp-json\/wp\/v2\/users\/2"}],"replies":[{"embeddable":true,"href":"https:\/\/www.fraclorraine.org\/en\/wp-json\/wp\/v2\/comments?post=7322"}],"version-history":[{"count":5,"href":"https:\/\/www.fraclorraine.org\/en\/wp-json\/wp\/v2\/pages\/7322\/revisions"}],"predecessor-version":[{"id":9242,"href":"https:\/\/www.fraclorraine.org\/en\/wp-json\/wp\/v2\/pages\/7322\/revisions\/9242"}],"wp:attachment":[{"href":"https:\/\/www.fraclorraine.org\/en\/wp-json\/wp\/v2\/media?parent=7322"}],"curies":[{"name":"wp","href":"https:\/\/api.w.org\/{rel}","templated":true}]}}