{"id":9260,"date":"2025-06-06T12:13:58","date_gmt":"2025-06-06T10:13:58","guid":{"rendered":"https:\/\/www.fraclorraine.org\/?page_id=9260"},"modified":"2025-09-08T10:59:22","modified_gmt":"2025-09-08T08:59:22","slug":"","status":"publish","type":"page","link":"https:\/\/www.fraclorraine.org\/en\/oeuvres-permanentes\/","title":{"rendered":"On permanent display","raw":"On permanent display"},"content":{"rendered":"\n<div class=\"wp-block-columns is-layout-flex wp-container-core-columns-is-layout-9d6595d7 wp-block-columns-is-layout-flex\">\n<div class=\"wp-block-column is-layout-flow wp-block-column-is-layout-flow\">\n<p>Over the years, unusual spaces at Frac Lorraine, such as stairwells, the garden and even the walls, have been the subject of commissions to artists. The presence of these works, designed as part of an exhibition or acquisition, has been perpetuated.<\/p>\n\n\n\n<p>The Frac Lorraine has also decided to permanently exhibit certain works from the collection that are intended for public use. On the ground floor in particular, the paved room features various seats that are works of art in their own right, inviting visitors to share a moment of conviviality and consult the documentation.<\/p>\n\n\n\n<p>These works are waiting to be discovered, and even tried out, during your visit.<\/p>\n<\/div>\n\n\n\n<div class=\"wp-block-column is-layout-flow wp-block-column-is-layout-flow\">\n<figure class=\"wp-block-image size-large\"><img loading=\"lazy\" decoding=\"async\" width=\"1024\" height=\"768\" src=\"https:\/\/www.fraclorraine.org\/wp-content\/uploads\/2024\/04\/Salle_1-min-1-1024x768.jpg\" alt=\"\" class=\"wp-image-8657\" srcset=\"https:\/\/www.fraclorraine.org\/wp-content\/uploads\/2024\/04\/Salle_1-min-1-1024x768.jpg 1024w, https:\/\/www.fraclorraine.org\/wp-content\/uploads\/2024\/04\/Salle_1-min-1-300x225.jpg 300w, https:\/\/www.fraclorraine.org\/wp-content\/uploads\/2024\/04\/Salle_1-min-1-768x576.jpg 768w, https:\/\/www.fraclorraine.org\/wp-content\/uploads\/2024\/04\/Salle_1-min-1-1536x1152.jpg 1536w, https:\/\/www.fraclorraine.org\/wp-content\/uploads\/2024\/04\/Salle_1-min-1-2048x1536.jpg 2048w\" sizes=\"auto, (max-width: 1024px) 100vw, 1024px\" \/><figcaption class=\"wp-element-caption\">The cobblestone room with works by (from left to right) C\u00e9line Condorelli, Cinzia Ruggeri, Beno\u00eet Pi\u00e9ron. Photo Fred Dott<\/figcaption><\/figure>\n<\/div>\n<\/div>\n","protected":false,"raw":"<!-- wp:columns -->\n<div class=\"wp-block-columns\"><!-- wp:column -->\n<div class=\"wp-block-column\"><!-- wp:paragraph -->\n<p>Over the years, unusual spaces at Frac Lorraine, such as stairwells, the garden and even the walls, have been the subject of commissions to artists. The presence of these works, designed as part of an exhibition or acquisition, has been perpetuated.<\/p>\n<!-- \/wp:paragraph -->\n\n<!-- wp:paragraph -->\n<p>The Frac Lorraine has also decided to permanently exhibit certain works from the collection that are intended for public use. On the ground floor in particular, the paved room features various seats that are works of art in their own right, inviting visitors to share a moment of conviviality and consult the documentation.<\/p>\n<!-- \/wp:paragraph -->\n\n<!-- wp:paragraph -->\n<p>These works are waiting to be discovered, and even tried out, during your visit.<\/p>\n<!-- \/wp:paragraph --><\/div>\n<!-- \/wp:column -->\n\n<!-- wp:column -->\n<div class=\"wp-block-column\"><!-- wp:image {\"id\":8657,\"sizeSlug\":\"large\",\"linkDestination\":\"none\"} -->\n<figure class=\"wp-block-image size-large\"><img src=\"https:\/\/www.fraclorraine.org\/wp-content\/uploads\/2024\/04\/Salle_1-min-1-1024x768.jpg\" alt=\"\" class=\"wp-image-8657\"\/><figcaption class=\"wp-element-caption\">The cobblestone room with works by (from left to right) C\u00e9line Condorelli, Cinzia Ruggeri, Beno\u00eet Pi\u00e9ron. Photo Fred Dott<\/figcaption><\/figure>\n<!-- \/wp:image --><\/div>\n<!-- \/wp:column --><\/div>\n<!-- \/wp:columns -->"},"excerpt":{"rendered":"","protected":false,"raw":""},"author":5,"featured_media":0,"parent":0,"menu_order":0,"comment_status":"closed","ping_status":"closed","template":"","meta":{"inline_featured_image":false,"_fr_post_content":"<!-- wp:columns -->\n<div class=\"wp-block-columns\"><!-- wp:column -->\n<div class=\"wp-block-column\"><!-- wp:paragraph -->\n<p>Au fil des ans, des espaces insolites du Frac Lorraine comme les cages d\u2019escalier, le jardin, ou encore les murs ont fait l\u2019objet de commandes \u00e0 des artistes. La pr\u00e9sence de ces \u0153uvres, con\u00e7ues dans le cadre d\u2019une exposition ou d\u2019une acquisition, a \u00e9t\u00e9 p\u00e9rennis\u00e9e. <br><br>Le Frac Lorraine prend aussi le parti d\u2019exposer de mani\u00e8re permanente certaines \u0153uvres de la collection dont l'usage est tourn\u00e9 vers le public. Au rez-de-chauss\u00e9e notamment, la salle pav\u00e9e accueille diff\u00e9rentes assises qui sont des \u0153uvres \u00e0 part enti\u00e8re, pour partager un moment de convivialit\u00e9 et consulter la documentation. <\/p>\n<!-- \/wp:paragraph -->\n\n<!-- wp:paragraph -->\n<p>Ces \u0153uvres sont \u00e0 d\u00e9couvrir, voire \u00e0 tester, lors de votre visite.<\/p>\n<!-- \/wp:paragraph --><\/div>\n<!-- \/wp:column -->\n\n<!-- wp:column -->\n<div class=\"wp-block-column\"><!-- wp:image {\"id\":8657,\"sizeSlug\":\"large\",\"linkDestination\":\"none\"} -->\n<figure class=\"wp-block-image size-large\"><img src=\"https:\/\/www.fraclorraine.org\/wp-content\/uploads\/2024\/04\/Salle_1-min-1-1024x768.jpg\" alt=\"\" class=\"wp-image-8657\"\/><figcaption class=\"wp-element-caption\">La salle pav\u00e9e avec les \u0153uvres (de gauche \u00e0 droite) de C\u00e9line Condorelli, Cinzia Ruggeri, Beno\u00eet Pi\u00e9ron. Photo Fred Dott<\/figcaption><\/figure>\n<!-- \/wp:image --><\/div>\n<!-- \/wp:column --><\/div>\n<!-- \/wp:columns -->","_fr_post_name":"oeuvres-permanentes","_fr_post_excerpt":"","_fr_post_title":"\u0152uvres permanentes","_en_post_content":"<!-- wp:columns -->\n<div class=\"wp-block-columns\"><!-- wp:column -->\n<div class=\"wp-block-column\"><!-- wp:paragraph -->\n<p>Over the years, unusual spaces at Frac Lorraine, such as stairwells, the garden and even the walls, have been the subject of commissions to artists. The presence of these works, designed as part of an exhibition or acquisition, has been perpetuated.<\/p>\n<!-- \/wp:paragraph -->\n\n<!-- wp:paragraph -->\n<p>The Frac Lorraine has also decided to permanently exhibit certain works from the collection that are intended for public use. On the ground floor in particular, the paved room features various seats that are works of art in their own right, inviting visitors to share a moment of conviviality and consult the documentation.<\/p>\n<!-- \/wp:paragraph -->\n\n<!-- wp:paragraph -->\n<p>These works are waiting to be discovered, and even tried out, during your visit.<\/p>\n<!-- \/wp:paragraph --><\/div>\n<!-- \/wp:column -->\n\n<!-- wp:column -->\n<div class=\"wp-block-column\"><!-- wp:image {\"id\":8657,\"sizeSlug\":\"large\",\"linkDestination\":\"none\"} -->\n<figure class=\"wp-block-image size-large\"><img src=\"https:\/\/www.fraclorraine.org\/wp-content\/uploads\/2024\/04\/Salle_1-min-1-1024x768.jpg\" alt=\"\" class=\"wp-image-8657\"\/><figcaption class=\"wp-element-caption\">The cobblestone room with works by (from left to right) C\u00e9line Condorelli, Cinzia Ruggeri, Beno\u00eet Pi\u00e9ron. Photo Fred Dott<\/figcaption><\/figure>\n<!-- \/wp:image --><\/div>\n<!-- \/wp:column --><\/div>\n<!-- \/wp:columns -->","_en_post_name":"","_en_post_excerpt":"","_en_post_title":"On permanent display","edit_language":"en","footnotes":""},"class_list":["post-9260","page","type-page","status-publish","hentry"],"_links":{"self":[{"href":"https:\/\/www.fraclorraine.org\/en\/wp-json\/wp\/v2\/pages\/9260","targetHints":{"allow":["GET"]}}],"collection":[{"href":"https:\/\/www.fraclorraine.org\/en\/wp-json\/wp\/v2\/pages"}],"about":[{"href":"https:\/\/www.fraclorraine.org\/en\/wp-json\/wp\/v2\/types\/page"}],"author":[{"embeddable":true,"href":"https:\/\/www.fraclorraine.org\/en\/wp-json\/wp\/v2\/users\/5"}],"replies":[{"embeddable":true,"href":"https:\/\/www.fraclorraine.org\/en\/wp-json\/wp\/v2\/comments?post=9260"}],"version-history":[{"count":6,"href":"https:\/\/www.fraclorraine.org\/en\/wp-json\/wp\/v2\/pages\/9260\/revisions"}],"predecessor-version":[{"id":9424,"href":"https:\/\/www.fraclorraine.org\/en\/wp-json\/wp\/v2\/pages\/9260\/revisions\/9424"}],"wp:attachment":[{"href":"https:\/\/www.fraclorraine.org\/en\/wp-json\/wp\/v2\/media?parent=9260"}],"curies":[{"name":"wp","href":"https:\/\/api.w.org\/{rel}","templated":true}]}}